{"id":176,"date":"2024-09-07T20:02:39","date_gmt":"2024-09-07T20:02:39","guid":{"rendered":"https:\/\/stephaniecurti.ca\/?page_id=176"},"modified":"2025-12-15T20:27:17","modified_gmt":"2025-12-16T01:27:17","slug":"privacy-policy","status":"publish","type":"page","link":"https:\/\/stephaniecurti.ca\/en\/privacy-policy\/","title":{"rendered":"Privacy Policy"},"content":{"rendered":"<p><b>Politique de confidentialit\u00e9 \u2014 Loi 25<\/b><\/p>\n<p><b>Derni\u00e8re mise \u00e0 jour : 15 d\u00e9cembre 2025<\/b><br \/>\n<b>Responsable de la protection des renseignements personnels :<\/b><br \/>\nStephanie Curti T.S. CURS1507070TS<br \/>\nCourriel : info@stephaniecurti.ca<br \/>\nEntreprise : <b>Stephanie Curti Inc.<\/b><b><\/b><\/p>\n<p><img decoding=\"async\" src=\"data:image\/png;base64,iVBORw0KGgoAAAANSUhEUgAAAdYAAAADCAYAAAAuni5yAAABY2lDQ1BrQ0dDb2xvclNwYWNlRGlzcGxheVAzAAAokX2QsUvDUBDGv1aloHUQHRwcMolDlJIKuji0FURxCFXB6pS+pqmQxkeSIgU3\/4GC\/4EKzm4Whzo6OAiik+jm5KTgouV5L4mkInqP435877vjOCA5bnBu9wOoO75bXMorm6UtJfWMBL0gDObxnK6vSv6uP+P9PvTeTstZv\/\/\/jcGK6TGqn5QZxl0fSKjE+p7PJe8Tj7m0FHFLshXyieRyyOeBZ71YIL4mVljNqBC\/EKvlHt3q4brdYNEOcvu06WysyTmUE1jEDjxw2DDQhAId2T\/8s4G\/gF1yN+FSn4UafOrJkSInmMTLcMAwA5VYQ4ZSk3eO7ncX3U+NtYMnYKEjhLiItZUOcDZHJ2vH2tQ8MDIEXLW54RqB1EeZrFaB11NguASM3lDPtlfNauH26Tww8CjE2ySQOgS6LSE+joToHlPzA3DpfAEDp2ITpJYOWwAAAARjSUNQDA0AAW4D4+8AAAA4ZVhJZk1NACoAAAAIAAGHaQAEAAAAAQAAABoAAAAAAAKgAgAEAAAAAQAAAdagAwAEAAAAAQAAAAMAAAAAn3ERbwAAAEZJREFUWAnt1UENADAIBEHqFGk4bVM08GMQsMnNhwhHgAABAgQIjAmcX6qqO1YUIkCAAAECSwUys\/\/q0vlmEyBAgACBeYEHlFsEAmN4Ok4AAAAASUVORK5CYII=\" alt=\"pastedGraphic.png\" \/><\/p>\n<p><b>1. Introduction<\/b><\/p>\n<p>Stephanie Curti Inc. est une organisation qui accordent de l\u2019importance \u00e0 la protection de votre vie priv\u00e9e et de vos renseignements personnels.<\/p>\n<p>La pr\u00e9sente Politique de confidentialit\u00e9 explique comment <b>Stephanie Curti Inc.<span class=\"Apple-converted-space\">\u00a0<\/span><\/b> (\u00ab <i>nous<\/i> \u00bb, <span class=\"Apple-converted-space\">\u00a0 \u00a0 \u00a0 \u00a0 \u00a0 \u00a0 <\/span>\u00ab <i>notre<\/i> \u00bb recueille, utilise, communique, conserve et prot\u00e8ge les renseignements personnels conform\u00e9ment \u00e0 la <b>Loi modernisant des dispositions l\u00e9gislatives en mati\u00e8re de protection des renseignements personnels (Loi 25)<\/b>.<\/p>\n<p>Cette politique s\u2019applique aux services professionnels offerts, ainsi qu\u2019\u00e0 l\u2019utilisation du site <b>www.stephaniecurti.ca<\/b> et de la plateforme clinique <b>Owl Practice<\/b>.<\/p>\n<p>Si vous \u00eates un mineur de moins de 14 ans, vous \u00eatre pri\u00e9 de ne pas nous fournir de renseignements personnels sans le consentement expr\u00e8s du titulaire de l\u2019autorit\u00e9 parentale ou d&#8217;un tuteur.<\/p>\n<p><img decoding=\"async\" src=\"data:image\/png;base64,iVBORw0KGgoAAAANSUhEUgAAAdYAAAADCAYAAAAuni5yAAABY2lDQ1BrQ0dDb2xvclNwYWNlRGlzcGxheVAzAAAokX2QsUvDUBDGv1aloHUQHRwcMolDlJIKuji0FURxCFXB6pS+pqmQxkeSIgU3\/4GC\/4EKzm4Whzo6OAiik+jm5KTgouV5L4mkInqP435877vjOCA5bnBu9wOoO75bXMorm6UtJfWMBL0gDObxnK6vSv6uP+P9PvTeTstZv\/\/\/jcGK6TGqn5QZxl0fSKjE+p7PJe8Tj7m0FHFLshXyieRyyOeBZ71YIL4mVljNqBC\/EKvlHt3q4brdYNEOcvu06WysyTmUE1jEDjxw2DDQhAId2T\/8s4G\/gF1yN+FSn4UafOrJkSInmMTLcMAwA5VYQ4ZSk3eO7ncX3U+NtYMnYKEjhLiItZUOcDZHJ2vH2tQ8MDIEXLW54RqB1EeZrFaB11NguASM3lDPtlfNauH26Tww8CjE2ySQOgS6LSE+joToHlPzA3DpfAEDp2ITpJYOWwAAAARjSUNQDA0AAW4D4+8AAAA4ZVhJZk1NACoAAAAIAAGHaQAEAAAAAQAAABoAAAAAAAKgAgAEAAAAAQAAAdagAwAEAAAAAQAAAAMAAAAAn3ERbwAAAEZJREFUWAnt1UENADAIBEHqFGk4bVM08GMQsMnNhwhHgAABAgQIjAmcX6qqO1YUIkCAAAECSwUys\/\/q0vlmEyBAgACBeYEHlFsEAmN4Ok4AAAAASUVORK5CYII=\" alt=\"pastedGraphic.png\" \/><\/p>\n<p><b>2. Renseignements personnels recueillis dans le cadre des services professionnels offerts<\/b><\/p>\n<p>Nous recueillons uniquement les renseignements n\u00e9cessaires dans le cadre de nos services, notamment :<\/p>\n<ul>\n<li>Informations d\u2019identification : nom, pr\u00e9nom, date de naissance, coordonn\u00e9es.<\/li>\n<li>Informations administratives : informations de facturation, horaires, paiements.<\/li>\n<li>Informations cliniques : motifs de consultation, notes de suivi, documents cliniques.<\/li>\n<\/ul>\n<p><b>3. Renseignements Personnels Recueillis par le Site Web <\/b><a href=\"http:\/\/www.stephaniecurti.ca\"><b>www.stephaniecurti.ca<\/b><\/a><b><span class=\"Apple-converted-space\">\u00a0<\/span><\/b><\/p>\n<p><b>Formulaire de demande d\u2019information<\/b><\/p>\n<p>Le site Web <a href=\"http:\/\/www.stephaniecurti.ca\">www.stephaniecurti.ca<\/a> comprend un <b>formulaire int\u00e9gr\u00e9<\/b> permettant d\u2019envoyer une demande d\u2019information par courriel. Les renseignements que vous fournissez volontairement dans ce formulaire (par exemple, nom, courriel et nature de la demande) sont utilis\u00e9s exclusivement pour r\u00e9pondre \u00e0 votre message. Ils ne sont pas stock\u00e9s dans Owl Practice tant que vous n\u2019avez pas officiellement ouvert un dossier.<\/p>\n<p>Le Site recueille certaines autres informations via les \u00ab cookies \u00bb :<\/p>\n<ul>\n<li>Adresse IP<\/li>\n<li>Pages visit\u00e9es et requ\u00eates<\/li>\n<li>Statistiques<\/li>\n<li>Langage de pr\u00e9f\u00e9rence<\/li>\n<li>Applications<\/li>\n<li>Heure et jour de connexion<\/li>\n<\/ul>\n<p>Au cours de la visite d\u2019une personne, sur le Site, il se peut qu\u2019une fonctionnalit\u00e9 des logiciels de navigation soit utilis\u00e9e, les \u00ab cookies \u00bb, pour recueillir de l\u2019information de fa\u00e7on anonyme et \u00e9tablir le profil des visiteurs qui navigueront sur le Site.<\/p>\n<p>Un cookie est un petit fichier texte contenant un num\u00e9ro d\u2019identification unique qui identifie le navigateur chaque fois qu\u2019il y a un visiteur sur le Site. Les cookies disent quelles pages ont \u00e9t\u00e9 visit\u00e9es et par combien de personnes. Cela aide \u00e0 personnaliser l\u2019information en fonction des int\u00e9r\u00eats de chacun.<span class=\"Apple-converted-space\">\u00a0<\/span><\/p>\n<p>Le recours \u00e0 de tels fichiers permet au Site de :<\/p>\n<p>\u00b7 Am\u00e9liorer le service et l\u2019accueil personnalis\u00e9 du site<\/p>\n<p>\u00b7 Recueillir des statistiques<\/p>\n<p><img decoding=\"async\" src=\"data:image\/png;base64,iVBORw0KGgoAAAANSUhEUgAAAdYAAAADCAYAAAAuni5yAAABY2lDQ1BrQ0dDb2xvclNwYWNlRGlzcGxheVAzAAAokX2QsUvDUBDGv1aloHUQHRwcMolDlJIKuji0FURxCFXB6pS+pqmQxkeSIgU3\/4GC\/4EKzm4Whzo6OAiik+jm5KTgouV5L4mkInqP435877vjOCA5bnBu9wOoO75bXMorm6UtJfWMBL0gDObxnK6vSv6uP+P9PvTeTstZv\/\/\/jcGK6TGqn5QZxl0fSKjE+p7PJe8Tj7m0FHFLshXyieRyyOeBZ71YIL4mVljNqBC\/EKvlHt3q4brdYNEOcvu06WysyTmUE1jEDjxw2DDQhAId2T\/8s4G\/gF1yN+FSn4UafOrJkSInmMTLcMAwA5VYQ4ZSk3eO7ncX3U+NtYMnYKEjhLiItZUOcDZHJ2vH2tQ8MDIEXLW54RqB1EeZrFaB11NguASM3lDPtlfNauH26Tww8CjE2ySQOgS6LSE+joToHlPzA3DpfAEDp2ITpJYOWwAAAARjSUNQDA0AAW4D4+8AAAA4ZVhJZk1NACoAAAAIAAGHaQAEAAAAAQAAABoAAAAAAAKgAgAEAAAAAQAAAdagAwAEAAAAAQAAAAMAAAAAn3ERbwAAAEZJREFUWAnt1UENADAIBEHqFGk4bVM08GMQsMnNhwhHgAABAgQIjAmcX6qqO1YUIkCAAAECSwUys\/\/q0vlmEyBAgACBeYEHlFsEAmN4Ok4AAAAASUVORK5CYII=\" alt=\"pastedGraphic.png\" \/><\/p>\n<p><b>4. Finalit\u00e9s de la collecte<\/b><\/p>\n<p>Nous recueillons vos renseignements personnels pour les objectifs suivants :<\/p>\n<ul>\n<li>Fournir des services professionnels.<span class=\"Apple-converted-space\">\u00a0<\/span><\/li>\n<li>Ouvrir un dossier clinique et assurer le suivi professionnel.<\/li>\n<li>Communiquer avec vous au sujet de vos rendez-vous ou de votre dossier.<\/li>\n<li>Assurer la facturation, les re\u00e7us et les obligations comptables.<\/li>\n<li>G\u00e9rer et am\u00e9liorer nos services et notre site web.<\/li>\n<\/ul>\n<p>Nous ne collectons que les renseignements <b>n\u00e9cessaires, appropri\u00e9s et proportionnels<\/b>.<\/p>\n<p><img decoding=\"async\" src=\"data:image\/png;base64,iVBORw0KGgoAAAANSUhEUgAAAdYAAAADCAYAAAAuni5yAAABY2lDQ1BrQ0dDb2xvclNwYWNlRGlzcGxheVAzAAAokX2QsUvDUBDGv1aloHUQHRwcMolDlJIKuji0FURxCFXB6pS+pqmQxkeSIgU3\/4GC\/4EKzm4Whzo6OAiik+jm5KTgouV5L4mkInqP435877vjOCA5bnBu9wOoO75bXMorm6UtJfWMBL0gDObxnK6vSv6uP+P9PvTeTstZv\/\/\/jcGK6TGqn5QZxl0fSKjE+p7PJe8Tj7m0FHFLshXyieRyyOeBZ71YIL4mVljNqBC\/EKvlHt3q4brdYNEOcvu06WysyTmUE1jEDjxw2DDQhAId2T\/8s4G\/gF1yN+FSn4UafOrJkSInmMTLcMAwA5VYQ4ZSk3eO7ncX3U+NtYMnYKEjhLiItZUOcDZHJ2vH2tQ8MDIEXLW54RqB1EeZrFaB11NguASM3lDPtlfNauH26Tww8CjE2ySQOgS6LSE+joToHlPzA3DpfAEDp2ITpJYOWwAAAARjSUNQDA0AAW4D4+8AAAA4ZVhJZk1NACoAAAAIAAGHaQAEAAAAAQAAABoAAAAAAAKgAgAEAAAAAQAAAdagAwAEAAAAAQAAAAMAAAAAn3ERbwAAAEZJREFUWAnt1UENADAIBEHqFGk4bVM08GMQsMnNhwhHgAABAgQIjAmcX6qqO1YUIkCAAAECSwUys\/\/q0vlmEyBAgACBeYEHlFsEAmN4Ok4AAAAASUVORK5CYII=\" alt=\"pastedGraphic.png\" \/><\/p>\n<p><b>5. Consentement<\/b><\/p>\n<p>Votre consentement est demand\u00e9 :<\/p>\n<ul>\n<li>lors de l\u2019ouverture de dossier,<\/li>\n<li>lorsque vous remplissez un formulaire en ligne,<\/li>\n<li>lorsque vous utilisez nos services.<\/li>\n<\/ul>\n<p>Vous pouvez <b>retirer votre consentement en tout temps<\/b>, sous r\u00e9serve des obligations l\u00e9gales et professionnelles.<\/p>\n<p><img decoding=\"async\" src=\"data:image\/png;base64,iVBORw0KGgoAAAANSUhEUgAAAdYAAAADCAYAAAAuni5yAAABY2lDQ1BrQ0dDb2xvclNwYWNlRGlzcGxheVAzAAAokX2QsUvDUBDGv1aloHUQHRwcMolDlJIKuji0FURxCFXB6pS+pqmQxkeSIgU3\/4GC\/4EKzm4Whzo6OAiik+jm5KTgouV5L4mkInqP435877vjOCA5bnBu9wOoO75bXMorm6UtJfWMBL0gDObxnK6vSv6uP+P9PvTeTstZv\/\/\/jcGK6TGqn5QZxl0fSKjE+p7PJe8Tj7m0FHFLshXyieRyyOeBZ71YIL4mVljNqBC\/EKvlHt3q4brdYNEOcvu06WysyTmUE1jEDjxw2DDQhAId2T\/8s4G\/gF1yN+FSn4UafOrJkSInmMTLcMAwA5VYQ4ZSk3eO7ncX3U+NtYMnYKEjhLiItZUOcDZHJ2vH2tQ8MDIEXLW54RqB1EeZrFaB11NguASM3lDPtlfNauH26Tww8CjE2ySQOgS6LSE+joToHlPzA3DpfAEDp2ITpJYOWwAAAARjSUNQDA0AAW4D4+8AAAA4ZVhJZk1NACoAAAAIAAGHaQAEAAAAAQAAABoAAAAAAAKgAgAEAAAAAQAAAdagAwAEAAAAAQAAAAMAAAAAn3ERbwAAAEZJREFUWAnt1UENADAIBEHqFGk4bVM08GMQsMnNhwhHgAABAgQIjAmcX6qqO1YUIkCAAAECSwUys\/\/q0vlmEyBAgACBeYEHlFsEAmN4Ok4AAAAASUVORK5CYII=\" alt=\"pastedGraphic.png\" \/><\/p>\n<p><b>6. Liens vers d&#8217;autres sites<\/b><\/p>\n<p>La pr\u00e9sente politique de confidentialit\u00e9 ne s\u2019applique pas aux autres sites web \u00e9tant sugg\u00e9r\u00e9s par des liens connexes apparaissant sur le Site <a href=\"http:\/\/www.stephaniecurti.ca\">www.stephaniecurti.ca<\/a> concernant d\u2019autres corporations ou services.<\/p>\n<p>Bien que le Site puisse vous diriger vers la plateforme externe\u00a0<i>Owl Practice,<\/i>\u00a0le Site n\u2019est pas responsable des termes et conditions de\u00a0<i>celle-ci<\/i>, ni de leur politique de confidentialit\u00e9. En ce sens, l\u2019Utilisateur doit en tout temps prendre connaissance des conditions d\u2019utilisation de la Plateforme OWL Practice<i>\u00a0<\/i>avant de proc\u00e9der \u00e0 la cr\u00e9ation de son compte client.<\/p>\n<p><b>7. Utilisation de la Plateforme Owl Practice<\/b><\/p>\n<p>Pour la gestion s\u00e9curis\u00e9e des dossiers cliniques, la prise de rendez-vous et la cr\u00e9ation de compte client, la plateforme <b>Owl Practice<\/b> est utilis\u00e9e.<\/p>\n<p>Le site Web <a href=\"http:\/\/www.stephaniecurti.ca\">www.stephaniecurti.ca<\/a> offre un <b>lien direct vers Owl Practice<\/b> permettant aux personnes utilisatrices de cr\u00e9er leur compte client et de r\u00e9server un rendez-vous en ligne : <a href=\"https:\/\/oab.owlpractice.ca\/phoenixcounsellingandmediation\">https:\/\/oab.owlpractice.ca\/phoenixcounsellingandmediation<\/a><\/p>\n<p>Owl Practice agit comme fournisseur de services et applique des mesures de s\u00e9curit\u00e9 conformes aux normes de l\u2019industrie, incluant le chiffrement, le contr\u00f4le d\u2019acc\u00e8s et l\u2019h\u00e9bergement des donn\u00e9es au Canada et r\u00e9pond aux exigences de la Loi 25. Aucune information n\u2019est communiqu\u00e9e \u00e0 Owl Practice au-del\u00e0 de ce qui est n\u00e9cessaire pour la gestion clinique. Pour plus d\u2019information sur les mesures de protection mises en place par notre fournisseur de gestion clinique, vous pouvez consulter la politique de confidentialit\u00e9 d\u2019Owl Practice<\/p>\n<p><img decoding=\"async\" src=\"data:image\/png;base64,iVBORw0KGgoAAAANSUhEUgAAAdYAAAADCAYAAAAuni5yAAABY2lDQ1BrQ0dDb2xvclNwYWNlRGlzcGxheVAzAAAokX2QsUvDUBDGv1aloHUQHRwcMolDlJIKuji0FURxCFXB6pS+pqmQxkeSIgU3\/4GC\/4EKzm4Whzo6OAiik+jm5KTgouV5L4mkInqP435877vjOCA5bnBu9wOoO75bXMorm6UtJfWMBL0gDObxnK6vSv6uP+P9PvTeTstZv\/\/\/jcGK6TGqn5QZxl0fSKjE+p7PJe8Tj7m0FHFLshXyieRyyOeBZ71YIL4mVljNqBC\/EKvlHt3q4brdYNEOcvu06WysyTmUE1jEDjxw2DDQhAId2T\/8s4G\/gF1yN+FSn4UafOrJkSInmMTLcMAwA5VYQ4ZSk3eO7ncX3U+NtYMnYKEjhLiItZUOcDZHJ2vH2tQ8MDIEXLW54RqB1EeZrFaB11NguASM3lDPtlfNauH26Tww8CjE2ySQOgS6LSE+joToHlPzA3DpfAEDp2ITpJYOWwAAAARjSUNQDA0AAW4D4+8AAAA4ZVhJZk1NACoAAAAIAAGHaQAEAAAAAQAAABoAAAAAAAKgAgAEAAAAAQAAAdagAwAEAAAAAQAAAAMAAAAAn3ERbwAAAEZJREFUWAnt1UENADAIBEHqFGk4bVM08GMQsMnNhwhHgAABAgQIjAmcX6qqO1YUIkCAAAECSwUys\/\/q0vlmEyBAgACBeYEHlFsEAmN4Ok4AAAAASUVORK5CYII=\" alt=\"pastedGraphic.png\" \/><\/p>\n<p><b>8. Communication \u00e0 des tiers<\/b><\/p>\n<p>Vos renseignements peuvent \u00eatre communiqu\u00e9s :<\/p>\n<ul>\n<li>\u00e0 des professionnels collaborateurs <i>uniquement avec votre consentement,<\/i><i><\/i><\/li>\n<li>\u00e0 des fournisseurs de services technologiques (ex. Owl Practice, h\u00e9bergeur du site),<\/li>\n<li>si requis par la loi ou une ordonnance judiciaire.<\/li>\n<\/ul>\n<p>Nous <b>ne vendons ni ne louons<\/b> jamais vos renseignements personnels.<\/p>\n<p><img decoding=\"async\" src=\"data:image\/png;base64,iVBORw0KGgoAAAANSUhEUgAAAdYAAAADCAYAAAAuni5yAAABY2lDQ1BrQ0dDb2xvclNwYWNlRGlzcGxheVAzAAAokX2QsUvDUBDGv1aloHUQHRwcMolDlJIKuji0FURxCFXB6pS+pqmQxkeSIgU3\/4GC\/4EKzm4Whzo6OAiik+jm5KTgouV5L4mkInqP435877vjOCA5bnBu9wOoO75bXMorm6UtJfWMBL0gDObxnK6vSv6uP+P9PvTeTstZv\/\/\/jcGK6TGqn5QZxl0fSKjE+p7PJe8Tj7m0FHFLshXyieRyyOeBZ71YIL4mVljNqBC\/EKvlHt3q4brdYNEOcvu06WysyTmUE1jEDjxw2DDQhAId2T\/8s4G\/gF1yN+FSn4UafOrJkSInmMTLcMAwA5VYQ4ZSk3eO7ncX3U+NtYMnYKEjhLiItZUOcDZHJ2vH2tQ8MDIEXLW54RqB1EeZrFaB11NguASM3lDPtlfNauH26Tww8CjE2ySQOgS6LSE+joToHlPzA3DpfAEDp2ITpJYOWwAAAARjSUNQDA0AAW4D4+8AAAA4ZVhJZk1NACoAAAAIAAGHaQAEAAAAAQAAABoAAAAAAAKgAgAEAAAAAQAAAdagAwAEAAAAAQAAAAMAAAAAn3ERbwAAAEZJREFUWAnt1UENADAIBEHqFGk4bVM08GMQsMnNhwhHgAABAgQIjAmcX6qqO1YUIkCAAAECSwUys\/\/q0vlmEyBAgACBeYEHlFsEAmN4Ok4AAAAASUVORK5CYII=\" alt=\"pastedGraphic.png\" \/><\/p>\n<p><b>9. Conservation et destruction<\/b><b><\/b><\/p>\n<p>Les dossiers cliniques sont conserv\u00e9s conform\u00e9ment aux exigences des ordres professionnels (<b>5 ans <\/b>apr\u00e8s le dernier service pour L\u2019OTSTCFQ).<br \/>\nEnsuite, ils sont :<\/p>\n<ul>\n<li>d\u00e9truits de mani\u00e8re s\u00e9curitaire, ou<\/li>\n<li>anonymis\u00e9s de fa\u00e7on irr\u00e9versible.<\/li>\n<\/ul>\n<p><img decoding=\"async\" src=\"data:image\/png;base64,iVBORw0KGgoAAAANSUhEUgAAAdYAAAADCAYAAAAuni5yAAABY2lDQ1BrQ0dDb2xvclNwYWNlRGlzcGxheVAzAAAokX2QsUvDUBDGv1aloHUQHRwcMolDlJIKuji0FURxCFXB6pS+pqmQxkeSIgU3\/4GC\/4EKzm4Whzo6OAiik+jm5KTgouV5L4mkInqP435877vjOCA5bnBu9wOoO75bXMorm6UtJfWMBL0gDObxnK6vSv6uP+P9PvTeTstZv\/\/\/jcGK6TGqn5QZxl0fSKjE+p7PJe8Tj7m0FHFLshXyieRyyOeBZ71YIL4mVljNqBC\/EKvlHt3q4brdYNEOcvu06WysyTmUE1jEDjxw2DDQhAId2T\/8s4G\/gF1yN+FSn4UafOrJkSInmMTLcMAwA5VYQ4ZSk3eO7ncX3U+NtYMnYKEjhLiItZUOcDZHJ2vH2tQ8MDIEXLW54RqB1EeZrFaB11NguASM3lDPtlfNauH26Tww8CjE2ySQOgS6LSE+joToHlPzA3DpfAEDp2ITpJYOWwAAAARjSUNQDA0AAW4D4+8AAAA4ZVhJZk1NACoAAAAIAAGHaQAEAAAAAQAAABoAAAAAAAKgAgAEAAAAAQAAAdagAwAEAAAAAQAAAAMAAAAAn3ERbwAAAEZJREFUWAnt1UENADAIBEHqFGk4bVM08GMQsMnNhwhHgAABAgQIjAmcX6qqO1YUIkCAAAECSwUys\/\/q0vlmEyBAgACBeYEHlFsEAmN4Ok4AAAAASUVORK5CYII=\" alt=\"pastedGraphic.png\" \/><\/p>\n<p><b>10. S\u00e9curit\u00e9 des renseignements<\/b><\/p>\n<p>Nous appliquons des mesures de protection proportionnelles \u00e0 la sensibilit\u00e9 des donn\u00e9es :<\/p>\n<ul>\n<li>cryptage,<\/li>\n<li>double-authentification<\/li>\n<li>mots de passe s\u00e9curis\u00e9s,<\/li>\n<li>acc\u00e8s limit\u00e9 aux personnes autoris\u00e9es,<\/li>\n<li>stockage dans Owl Practice (Canada),<\/li>\n<li>pare-feu et surveillance de s\u00e9curit\u00e9,<\/li>\n<li>verouillage \u00e0 clef unique en cas de documents physique,<\/li>\n<li>destruction s\u00e9curis\u00e9e.<\/li>\n<\/ul>\n<p>Cependant, il est \u00e0 noter que le Site www.stephaniecurti.ca ne peut garantir que les mesures de s\u00e9curit\u00e9 pourront emp\u00eacher une tierce partie mal intentionn\u00e9e d\u2019obtenir et de prendre possession des informations \u00e9chang\u00e9es et gard\u00e9es.<\/p>\n<p><img decoding=\"async\" src=\"data:image\/png;base64,iVBORw0KGgoAAAANSUhEUgAAAdYAAAADCAYAAAAuni5yAAABY2lDQ1BrQ0dDb2xvclNwYWNlRGlzcGxheVAzAAAokX2QsUvDUBDGv1aloHUQHRwcMolDlJIKuji0FURxCFXB6pS+pqmQxkeSIgU3\/4GC\/4EKzm4Whzo6OAiik+jm5KTgouV5L4mkInqP435877vjOCA5bnBu9wOoO75bXMorm6UtJfWMBL0gDObxnK6vSv6uP+P9PvTeTstZv\/\/\/jcGK6TGqn5QZxl0fSKjE+p7PJe8Tj7m0FHFLshXyieRyyOeBZ71YIL4mVljNqBC\/EKvlHt3q4brdYNEOcvu06WysyTmUE1jEDjxw2DDQhAId2T\/8s4G\/gF1yN+FSn4UafOrJkSInmMTLcMAwA5VYQ4ZSk3eO7ncX3U+NtYMnYKEjhLiItZUOcDZHJ2vH2tQ8MDIEXLW54RqB1EeZrFaB11NguASM3lDPtlfNauH26Tww8CjE2ySQOgS6LSE+joToHlPzA3DpfAEDp2ITpJYOWwAAAARjSUNQDA0AAW4D4+8AAAA4ZVhJZk1NACoAAAAIAAGHaQAEAAAAAQAAABoAAAAAAAKgAgAEAAAAAQAAAdagAwAEAAAAAQAAAAMAAAAAn3ERbwAAAEZJREFUWAnt1UENADAIBEHqFGk4bVM08GMQsMnNhwhHgAABAgQIjAmcX6qqO1YUIkCAAAECSwUys\/\/q0vlmEyBAgACBeYEHlFsEAmN4Ok4AAAAASUVORK5CYII=\" alt=\"pastedGraphic.png\" \/><\/p>\n<p><b>11. Incidents de confidentialit\u00e9<\/b><\/p>\n<p>En cas d\u2019incident (perte, vol, acc\u00e8s non autoris\u00e9) :<\/p>\n<ol>\n<li>Nous analysons le risque de pr\u00e9judice.<\/li>\n<li>Nous prenons les mesures n\u00e9cessaires pour r\u00e9duire les dommages.<\/li>\n<li>Nous vous avisons si le risque est s\u00e9rieux.<\/li>\n<li>Nous informons la <i>Commission d\u2019acc\u00e8s \u00e0 l\u2019information du Qu\u00e9bec<\/i>, si requis.<\/li>\n<li>Nous inscrivons l\u2019incident dans un <b>registre obligatoire<\/b>, conform\u00e9ment \u00e0 la Loi 25.<\/li>\n<\/ol>\n<p><img decoding=\"async\" src=\"data:image\/png;base64,iVBORw0KGgoAAAANSUhEUgAAAdYAAAADCAYAAAAuni5yAAABY2lDQ1BrQ0dDb2xvclNwYWNlRGlzcGxheVAzAAAokX2QsUvDUBDGv1aloHUQHRwcMolDlJIKuji0FURxCFXB6pS+pqmQxkeSIgU3\/4GC\/4EKzm4Whzo6OAiik+jm5KTgouV5L4mkInqP435877vjOCA5bnBu9wOoO75bXMorm6UtJfWMBL0gDObxnK6vSv6uP+P9PvTeTstZv\/\/\/jcGK6TGqn5QZxl0fSKjE+p7PJe8Tj7m0FHFLshXyieRyyOeBZ71YIL4mVljNqBC\/EKvlHt3q4brdYNEOcvu06WysyTmUE1jEDjxw2DDQhAId2T\/8s4G\/gF1yN+FSn4UafOrJkSInmMTLcMAwA5VYQ4ZSk3eO7ncX3U+NtYMnYKEjhLiItZUOcDZHJ2vH2tQ8MDIEXLW54RqB1EeZrFaB11NguASM3lDPtlfNauH26Tww8CjE2ySQOgS6LSE+joToHlPzA3DpfAEDp2ITpJYOWwAAAARjSUNQDA0AAW4D4+8AAAA4ZVhJZk1NACoAAAAIAAGHaQAEAAAAAQAAABoAAAAAAAKgAgAEAAAAAQAAAdagAwAEAAAAAQAAAAMAAAAAn3ERbwAAAEZJREFUWAnt1UENADAIBEHqFGk4bVM08GMQsMnNhwhHgAABAgQIjAmcX6qqO1YUIkCAAAECSwUys\/\/q0vlmEyBAgACBeYEHlFsEAmN4Ok4AAAAASUVORK5CYII=\" alt=\"pastedGraphic.png\" \/><\/p>\n<p><b>12. Vos droits (Loi 25)<\/b><\/p>\n<p>Vous avez les droits suivants :<\/p>\n<ul>\n<li><b>Acc\u00e8s<\/b> \u00e0 vos renseignements personnels<\/li>\n<li><b>Rectification<\/b> en cas d\u2019erreur<\/li>\n<li><b>Retrait du consentement<\/b><b><\/b><\/li>\n<li><b>Demande de destruction<\/b>, si applicable<\/li>\n<\/ul>\n<p>Toute demande doit \u00eatre adress\u00e9e au responsable de la protection des renseignements personnels \u00e0 l\u2019adresse suivante :<\/p>\n<p>Par courriel :<\/p>\n<p>Mme Stephanie Curti<\/p>\n<p><a href=\"mailto:vieprivee@stephanievilleneuve.com\">info@stephaniecurti.ca<\/a><\/p>\n<p><b>13. Traitement des plaintes relatives \u00e0 la protection des renseignements personnels<\/b><b><\/b><\/p>\n<p>Si vous d\u00e9sirez faire une plainte concernant le traitement de vos renseignements personnels, celle-ci devra \u00eatre adress\u00e9e \u00e0 la responsable \u00e0 la protection des renseignements personnels \u00e0 l\u2019adresse suivante :<\/p>\n<p>Par courriel :<\/p>\n<p>Mme Stephanie Curti<\/p>\n<p><a href=\"mailto:vieprivee@stephanievilleneuve.com\">info@stephaniecurti.ca<\/a><\/p>\n<p><b>14. Modifications apport\u00e9es \u00e0 la pr\u00e9sente politique de confidentialit\u00e9<\/b><b><\/b><\/p>\n<p>Le Site se r\u00e9serve le droit de modifier la pr\u00e9sente politique de confidentialit\u00e9 en tout temps, et ce, en affichant une nouvelle politique de confidentialit\u00e9 sur le Site sans pr\u00e9avis ni notification. La cueillette, l\u2019utilisation et la communication de vos renseignements par le Site seront assujetties \u00e0 la version de la politique de confidentialit\u00e9 qui est alors affich\u00e9e et en vigueur.<\/p>\n<p><b>15. Acceptation<\/b><b><\/b><\/p>\n<p>Concernant la pr\u00e9sente politique, l\u2019utilisateur confirme qu\u2019il en a bien pris connaissance et qu\u2019il en a lu les conditions applicables.<\/p>\n","protected":false},"excerpt":{"rendered":"<p>Politique de confidentialit\u00e9 \u2014 Loi 25 Derni\u00e8re mise \u00e0 jour : 15 d\u00e9cembre 2025 Responsable de la protection des renseignements personnels : Stephanie Curti T.S. CURS1507070TS Courriel : info@stephaniecurti.ca Entreprise : Stephanie Curti Inc. 1. Introduction Stephanie Curti Inc. est une organisation qui accordent de l\u2019importance \u00e0 la protection de votre vie priv\u00e9e et de&hellip;&nbsp;<a href=\"https:\/\/stephaniecurti.ca\/en\/privacy-policy\/\" rel=\"bookmark\"><span class=\"screen-reader-text\">Privacy Policy<\/span><\/a><\/p>\n","protected":false},"author":3,"featured_media":0,"parent":0,"menu_order":0,"comment_status":"closed","ping_status":"closed","template":"","meta":{"neve_meta_sidebar":"","neve_meta_container":"","neve_meta_enable_content_width":"off","neve_meta_content_width":100,"neve_meta_title_alignment":"","neve_meta_author_avatar":"","neve_post_elements_order":"","neve_meta_disable_header":"","neve_meta_disable_footer":"","neve_meta_disable_title":"","footnotes":""},"class_list":["post-176","page","type-page","status-publish","hentry"],"brizy_media":[],"_links":{"self":[{"href":"https:\/\/stephaniecurti.ca\/en\/wp-json\/wp\/v2\/pages\/176","targetHints":{"allow":["GET"]}}],"collection":[{"href":"https:\/\/stephaniecurti.ca\/en\/wp-json\/wp\/v2\/pages"}],"about":[{"href":"https:\/\/stephaniecurti.ca\/en\/wp-json\/wp\/v2\/types\/page"}],"author":[{"embeddable":true,"href":"https:\/\/stephaniecurti.ca\/en\/wp-json\/wp\/v2\/users\/3"}],"replies":[{"embeddable":true,"href":"https:\/\/stephaniecurti.ca\/en\/wp-json\/wp\/v2\/comments?post=176"}],"version-history":[{"count":24,"href":"https:\/\/stephaniecurti.ca\/en\/wp-json\/wp\/v2\/pages\/176\/revisions"}],"predecessor-version":[{"id":621,"href":"https:\/\/stephaniecurti.ca\/en\/wp-json\/wp\/v2\/pages\/176\/revisions\/621"}],"wp:attachment":[{"href":"https:\/\/stephaniecurti.ca\/en\/wp-json\/wp\/v2\/media?parent=176"}],"curies":[{"name":"wp","href":"https:\/\/api.w.org\/{rel}","templated":true}]}}